{"id":29387,"date":"2025-03-05T20:32:40","date_gmt":"2025-03-05T20:32:40","guid":{"rendered":"https:\/\/floristerialamore.com\/?page_id=29387"},"modified":"2025-03-05T20:32:40","modified_gmt":"2025-03-05T20:32:40","slug":"accesibilidad","status":"publish","type":"page","link":"https:\/\/floristerialamore.com\/en\/accesibilidad\/","title":{"rendered":"Accessibility"},"content":{"rendered":"<p>En Isaura Garcia Arispe nos hemos marcado como objetivo prioritario que todas las personas, con independencia de su discapacidad, edad o de la tecnolog\u00eda utilizada, puedan navegar por nuestra p\u00e1gina web sin encontrar dificultades de acceso.<br>Con este prop\u00f3sito, el desarrollo de la web de Isaura Garcia Arispe se ha basado en el cumplimiento de las Pautas de Accesibilidad al Contenido en la Web 2.0 establecidas por el W3C (Consorcio de la World Wide Web).<br>Estas pautas tambi\u00e9n constituyen el n\u00facleo de est\u00e1ndares como ISO\/IEC 40500 o la norma UNE 139803:2012.<br>Algunas de las funcionalidades implementadas para permitirte acceder a todos los contenidos de la web de Isaura Garcia Arispe con mayor facilidad son:<br>Las caracter\u00edsticas visuales de la p\u00e1gina web (tipo de letra, color de fuente y fondo, etc.) se definen mediante la hoja de estilos para que el usuario pueda ajustar el texto a sus preferencias.<br>Los tama\u00f1os de las fuentes se han definido con unidades relativas para que puedas ampliar o disminuir el tama\u00f1o de la fuente desde las opciones del navegador.<br>Si un usuario accede a https:\/\/floristerialamore.com\/ con un navegador que no soporta hoja de estilos no supondr\u00e1 una dificultad, ya que de igual manera se puede acceder a todos los contenidos con la CSS desactivada.<br>Las p\u00e1ginas tienen una estructura clara tanto para el usuario que puede ver todo el contenido como para el que lee la informaci\u00f3n empleando sistemas de apoyo como un lector de pantalla, usuarios que desactivan la hoja de estilos, etc. Bajo este objetivo, se han definido mediante el c\u00f3digo HTML los encabezados de secci\u00f3n, las listas y todos los elementos que ayudan a la comprensi\u00f3n general del sitio web.<br>El c\u00f3digo HTML y CSS empleado se ajusta a las gram\u00e1ticas formales para garantizar la correcta visualizaci\u00f3n de los contenidos en distintos navegadores.<br>El sitio web est\u00e1 dise\u00f1ado para que los usuarios puedan realizar una navegaci\u00f3n en alto contraste que permite distinguir entre un enlace y texto que no lo es. A excepci\u00f3n de todos aquellos enlaces que puedan ser deducidos por el contexto (men\u00fas, listas, etc.).<br>Incluye textos descriptivos en el atributo \u00abALT\u00bb para todas las im\u00e1genes de todas las p\u00e1ginas.<br>No obstante, si encuentras alguna dificultad en el acceso a la informaci\u00f3n contenida en la web de Isaura Garcia Arispe o tienes cualquier sugerencia o consulta en relaci\u00f3n con la accesibilidad, no dudes en contactar con nosotros a trav\u00e9s del correo electr\u00f3nico info@floristerialamore.com<\/p>","protected":false},"excerpt":{"rendered":"<p>En Isaura Garcia Arispe nos hemos marcado como objetivo prioritario que todas las personas, con independencia de su discapacidad, edad o de la tecnolog\u00eda utilizada, puedan navegar por nuestra p\u00e1gina web sin encontrar dificultades de acceso.Con este prop\u00f3sito, el desarrollo de la web de Isaura Garcia Arispe se ha basado en el cumplimiento de las [&hellip;]<\/p>\n","protected":false},"author":1,"featured_media":0,"parent":0,"menu_order":0,"comment_status":"closed","ping_status":"closed","template":"","meta":{"footnotes":""},"class_list":["post-29387","page","type-page","status-publish","hentry"],"yoast_head":"<!-- This site is optimized with the Yoast SEO plugin v26.9 - https:\/\/yoast.com\/product\/yoast-seo-wordpress\/ -->\n<title>Accesibilidad - Floristeria Lamore<\/title>\n<meta name=\"robots\" content=\"index, follow, max-snippet:-1, max-image-preview:large, max-video-preview:-1\" \/>\n<link rel=\"canonical\" href=\"https:\/\/floristerialamore.com\/en\/accesibilidad\/\" \/>\n<meta property=\"og:locale\" content=\"en_GB\" \/>\n<meta property=\"og:type\" content=\"article\" \/>\n<meta property=\"og:title\" content=\"Accesibilidad - Floristeria Lamore\" \/>\n<meta property=\"og:description\" content=\"En Isaura Garcia Arispe nos hemos marcado como objetivo prioritario que todas las personas, con independencia de su discapacidad, edad o de la tecnolog\u00eda utilizada, puedan navegar por nuestra p\u00e1gina web sin encontrar dificultades de acceso.Con este prop\u00f3sito, el desarrollo de la web de Isaura Garcia Arispe se ha basado en el cumplimiento de las [&hellip;]\" \/>\n<meta property=\"og:url\" content=\"https:\/\/floristerialamore.com\/en\/accesibilidad\/\" \/>\n<meta property=\"og:site_name\" content=\"Floristeria Lamore\" \/>\n<meta name=\"twitter:card\" content=\"summary_large_image\" \/>\n<meta name=\"twitter:label1\" content=\"Estimated reading time\" \/>\n\t<meta name=\"twitter:data1\" content=\"2 minutes\" \/>\n<script type=\"application\/ld+json\" class=\"yoast-schema-graph\">{\"@context\":\"https:\/\/schema.org\",\"@graph\":[{\"@type\":\"WebPage\",\"@id\":\"https:\/\/floristerialamore.com\/accesibilidad\/\",\"url\":\"https:\/\/floristerialamore.com\/accesibilidad\/\",\"name\":\"Accesibilidad - Floristeria Lamore\",\"isPartOf\":{\"@id\":\"https:\/\/floristerialamore.com\/#website\"},\"datePublished\":\"2025-03-05T20:32:40+00:00\",\"breadcrumb\":{\"@id\":\"https:\/\/floristerialamore.com\/accesibilidad\/#breadcrumb\"},\"inLanguage\":\"en-GB\",\"potentialAction\":[{\"@type\":\"ReadAction\",\"target\":[\"https:\/\/floristerialamore.com\/accesibilidad\/\"]}]},{\"@type\":\"BreadcrumbList\",\"@id\":\"https:\/\/floristerialamore.com\/accesibilidad\/#breadcrumb\",\"itemListElement\":[{\"@type\":\"ListItem\",\"position\":1,\"name\":\"Portada\",\"item\":\"https:\/\/floristerialamore.com\/\"},{\"@type\":\"ListItem\",\"position\":2,\"name\":\"Accesibilidad\"}]},{\"@type\":\"WebSite\",\"@id\":\"https:\/\/floristerialamore.com\/#website\",\"url\":\"https:\/\/floristerialamore.com\/\",\"name\":\"Floristeria Lamore\",\"description\":\"\",\"publisher\":{\"@id\":\"https:\/\/floristerialamore.com\/#organization\"},\"potentialAction\":[{\"@type\":\"SearchAction\",\"target\":{\"@type\":\"EntryPoint\",\"urlTemplate\":\"https:\/\/floristerialamore.com\/?s={search_term_string}\"},\"query-input\":{\"@type\":\"PropertyValueSpecification\",\"valueRequired\":true,\"valueName\":\"search_term_string\"}}],\"inLanguage\":\"en-GB\"},{\"@type\":\"Organization\",\"@id\":\"https:\/\/floristerialamore.com\/#organization\",\"name\":\"Floristeria Lamore\",\"url\":\"https:\/\/floristerialamore.com\/\",\"logo\":{\"@type\":\"ImageObject\",\"inLanguage\":\"en-GB\",\"@id\":\"https:\/\/floristerialamore.com\/#\/schema\/logo\/image\/\",\"url\":\"https:\/\/floristerialamore.com\/wp-content\/uploads\/2024\/12\/Recurso-1.png\",\"contentUrl\":\"https:\/\/floristerialamore.com\/wp-content\/uploads\/2024\/12\/Recurso-1.png\",\"width\":569,\"height\":293,\"caption\":\"Floristeria Lamore\"},\"image\":{\"@id\":\"https:\/\/floristerialamore.com\/#\/schema\/logo\/image\/\"}}]}<\/script>\n<!-- \/ Yoast SEO plugin. -->","yoast_head_json":{"title":"Accesibilidad - Floristeria Lamore","robots":{"index":"index","follow":"follow","max-snippet":"max-snippet:-1","max-image-preview":"max-image-preview:large","max-video-preview":"max-video-preview:-1"},"canonical":"https:\/\/floristerialamore.com\/en\/accesibilidad\/","og_locale":"en_GB","og_type":"article","og_title":"Accesibilidad - Floristeria Lamore","og_description":"En Isaura Garcia Arispe nos hemos marcado como objetivo prioritario que todas las personas, con independencia de su discapacidad, edad o de la tecnolog\u00eda utilizada, puedan navegar por nuestra p\u00e1gina web sin encontrar dificultades de acceso.Con este prop\u00f3sito, el desarrollo de la web de Isaura Garcia Arispe se ha basado en el cumplimiento de las [&hellip;]","og_url":"https:\/\/floristerialamore.com\/en\/accesibilidad\/","og_site_name":"Floristeria Lamore","twitter_card":"summary_large_image","twitter_misc":{"Estimated reading time":"2 minutes"},"schema":{"@context":"https:\/\/schema.org","@graph":[{"@type":"WebPage","@id":"https:\/\/floristerialamore.com\/accesibilidad\/","url":"https:\/\/floristerialamore.com\/accesibilidad\/","name":"Accesibilidad - Floristeria Lamore","isPartOf":{"@id":"https:\/\/floristerialamore.com\/#website"},"datePublished":"2025-03-05T20:32:40+00:00","breadcrumb":{"@id":"https:\/\/floristerialamore.com\/accesibilidad\/#breadcrumb"},"inLanguage":"en-GB","potentialAction":[{"@type":"ReadAction","target":["https:\/\/floristerialamore.com\/accesibilidad\/"]}]},{"@type":"BreadcrumbList","@id":"https:\/\/floristerialamore.com\/accesibilidad\/#breadcrumb","itemListElement":[{"@type":"ListItem","position":1,"name":"Portada","item":"https:\/\/floristerialamore.com\/"},{"@type":"ListItem","position":2,"name":"Accesibilidad"}]},{"@type":"WebSite","@id":"https:\/\/floristerialamore.com\/#website","url":"https:\/\/floristerialamore.com\/","name":"Floristeria Lamore","description":"","publisher":{"@id":"https:\/\/floristerialamore.com\/#organization"},"potentialAction":[{"@type":"SearchAction","target":{"@type":"EntryPoint","urlTemplate":"https:\/\/floristerialamore.com\/?s={search_term_string}"},"query-input":{"@type":"PropertyValueSpecification","valueRequired":true,"valueName":"search_term_string"}}],"inLanguage":"en-GB"},{"@type":"Organization","@id":"https:\/\/floristerialamore.com\/#organization","name":"Floristeria Lamore","url":"https:\/\/floristerialamore.com\/","logo":{"@type":"ImageObject","inLanguage":"en-GB","@id":"https:\/\/floristerialamore.com\/#\/schema\/logo\/image\/","url":"https:\/\/floristerialamore.com\/wp-content\/uploads\/2024\/12\/Recurso-1.png","contentUrl":"https:\/\/floristerialamore.com\/wp-content\/uploads\/2024\/12\/Recurso-1.png","width":569,"height":293,"caption":"Floristeria Lamore"},"image":{"@id":"https:\/\/floristerialamore.com\/#\/schema\/logo\/image\/"}}]}},"_links":{"self":[{"href":"https:\/\/floristerialamore.com\/en\/wp-json\/wp\/v2\/pages\/29387","targetHints":{"allow":["GET"]}}],"collection":[{"href":"https:\/\/floristerialamore.com\/en\/wp-json\/wp\/v2\/pages"}],"about":[{"href":"https:\/\/floristerialamore.com\/en\/wp-json\/wp\/v2\/types\/page"}],"author":[{"embeddable":true,"href":"https:\/\/floristerialamore.com\/en\/wp-json\/wp\/v2\/users\/1"}],"replies":[{"embeddable":true,"href":"https:\/\/floristerialamore.com\/en\/wp-json\/wp\/v2\/comments?post=29387"}],"version-history":[{"count":2,"href":"https:\/\/floristerialamore.com\/en\/wp-json\/wp\/v2\/pages\/29387\/revisions"}],"predecessor-version":[{"id":29389,"href":"https:\/\/floristerialamore.com\/en\/wp-json\/wp\/v2\/pages\/29387\/revisions\/29389"}],"wp:attachment":[{"href":"https:\/\/floristerialamore.com\/en\/wp-json\/wp\/v2\/media?parent=29387"}],"curies":[{"name":"wp","href":"https:\/\/api.w.org\/{rel}","templated":true}]}}