{"id":9095,"date":"2020-01-13T06:50:18","date_gmt":"2020-01-13T06:50:18","guid":{"rendered":"https:\/\/wpbingosite.com\/wordpress\/florial\/?page_id=9095"},"modified":"2025-11-26T16:06:36","modified_gmt":"2025-11-26T16:06:36","slug":"nosotros","status":"publish","type":"page","link":"https:\/\/floristerialamore.com\/en\/nosotros\/","title":{"rendered":"Us"},"content":{"rendered":"<div data-elementor-type=\"wp-page\" data-elementor-id=\"9095\" class=\"elementor elementor-9095\" data-elementor-post-type=\"page\">\n\t\t\t\t\t\t<section class=\"elementor-section elementor-top-section elementor-element elementor-element-c9ca73c elementor-section-boxed elementor-section-height-default elementor-section-height-default\" data-id=\"c9ca73c\" data-element_type=\"section\" data-e-type=\"section\">\n\t\t\t\t\t\t<div class=\"elementor-container elementor-column-gap-default\">\n\t\t\t\t\t<div class=\"elementor-column elementor-col-50 elementor-top-column elementor-element elementor-element-5b5c916\" data-id=\"5b5c916\" data-element_type=\"column\" data-e-type=\"column\">\n\t\t\t<div class=\"elementor-widget-wrap elementor-element-populated\">\n\t\t\t\t\t\t<div class=\"elementor-element elementor-element-4e5b8d8 elementor-widget elementor-widget-heading\" data-id=\"4e5b8d8\" data-element_type=\"widget\" data-e-type=\"widget\" data-widget_type=\"heading.default\">\n\t\t\t\t<div class=\"elementor-widget-container\">\n\t\t\t\t\t<h2 class=\"elementor-heading-title elementor-size-default\">Us<\/h2>\t\t\t\t<\/div>\n\t\t\t\t<\/div>\n\t\t\t\t<div class=\"elementor-element elementor-element-588ff97 elementor-widget elementor-widget-text-editor\" data-id=\"588ff97\" data-element_type=\"widget\" data-e-type=\"widget\" data-widget_type=\"text-editor.default\">\n\t\t\t\t<div class=\"elementor-widget-container\">\n\t\t\t\t\t\t\t\t\t<p>Who We Are<\/p>\t\t\t\t\t\t\t\t<\/div>\n\t\t\t\t<\/div>\n\t\t\t\t<div class=\"elementor-element elementor-element-37e2d93 elementor-widget__width-initial elementor-widget elementor-widget-text-editor\" data-id=\"37e2d93\" data-element_type=\"widget\" data-e-type=\"widget\" data-widget_type=\"text-editor.default\">\n\t\t\t\t<div class=\"elementor-widget-container\">\n\t\t\t\t\t\t\t\t\t<p>In <strong>Lamore Florist<\/strong>we believe that every flower tells a story and each arrangement is a work of art. Since our inception, we have dedicated ourselves to bring the freshness and the beauty of the flowers to the most important moments of your life.<\/p>\t\t\t\t\t\t\t\t<\/div>\n\t\t\t\t<\/div>\n\t\t\t\t\t<\/div>\n\t\t<\/div>\n\t\t\t\t<div class=\"elementor-column elementor-col-50 elementor-top-column elementor-element elementor-element-868ba3e\" data-id=\"868ba3e\" data-element_type=\"column\" data-e-type=\"column\">\n\t\t\t<div class=\"elementor-widget-wrap elementor-element-populated\">\n\t\t\t\t\t\t<div class=\"elementor-element elementor-element-71e9f5f elementor-widget elementor-widget-bwp_image\" data-id=\"71e9f5f\" data-element_type=\"widget\" data-e-type=\"widget\" data-widget_type=\"bwp_image.default\">\n\t\t\t\t<div class=\"elementor-widget-container\">\n\t\t\t\t\t<div class=\"bwp-widget-banner layout-1\">\r\n\t\t\r\n\t<div class=\"bg-banner\">\r\n\t\t<div class=\"banner-wrapper banners\">\r\n\t\t\t<div class=\"bwp-image  elementor-animation-wobble-horizontal\">\r\n\t\t\t\t\t\t\t\t\t<a href=\"https:\/\/florial.wpbingosite.com\/shop\/\"><img decoding=\"async\" src=\"https:\/\/floristerialamore.com\/wp-content\/uploads\/2024\/12\/2.webp\" alt=\"Banner Image\"><\/a>\r\n\t\t\t\t\t\t\t<\/div>\r\n\t\t\t<div class=\"banner-wrapper-infor\">\r\n\t\t\t\t<div class=\"info\">\r\n\t\t\t\t\t<div class=\"content\">\r\n\t\t\t\t\t\t\t\t\t\t\t\t\t\t\t\t\t\t\t\t\t\t\t\t\t\t\t\t\t<\/div>\r\n\t\t\t\t<\/div>\r\n\t\t\t<\/div>\r\n\t\t<\/div>\r\n\t<\/div>\r\n\t<\/div>\r\n\t\t\t\t<\/div>\n\t\t\t\t<\/div>\n\t\t\t\t\t<\/div>\n\t\t<\/div>\n\t\t\t\t\t<\/div>\n\t\t<\/section>\n\t\t\t\t<section class=\"elementor-section elementor-top-section elementor-element elementor-element-d2803d3 elementor-section-boxed elementor-section-height-default elementor-section-height-default\" data-id=\"d2803d3\" data-element_type=\"section\" data-e-type=\"section\">\n\t\t\t\t\t\t<div class=\"elementor-container elementor-column-gap-default\">\n\t\t\t\t\t<div class=\"elementor-column elementor-col-50 elementor-top-column elementor-element elementor-element-47497fa\" data-id=\"47497fa\" data-element_type=\"column\" data-e-type=\"column\">\n\t\t\t<div class=\"elementor-widget-wrap elementor-element-populated\">\n\t\t\t\t\t\t<div class=\"elementor-element elementor-element-2b50139 elementor-widget elementor-widget-bwp_image\" data-id=\"2b50139\" data-element_type=\"widget\" data-e-type=\"widget\" data-widget_type=\"bwp_image.default\">\n\t\t\t\t<div class=\"elementor-widget-container\">\n\t\t\t\t\t<div class=\"bwp-widget-banner layout-1\">\r\n\t\t\r\n\t<div class=\"bg-banner\">\r\n\t\t<div class=\"banner-wrapper banners\">\r\n\t\t\t<div class=\"bwp-image  elementor-animation-wobble-horizontal\">\r\n\t\t\t\t\t\t\t\t\t<a href=\"https:\/\/florial.wpbingosite.com\/shop\/\"><img decoding=\"async\" src=\"https:\/\/floristerialamore.com\/wp-content\/uploads\/2024\/12\/1-1.webp\" alt=\"Banner Image\"><\/a>\r\n\t\t\t\t\t\t\t<\/div>\r\n\t\t\t<div class=\"banner-wrapper-infor\">\r\n\t\t\t\t<div class=\"info\">\r\n\t\t\t\t\t<div class=\"content\">\r\n\t\t\t\t\t\t\t\t\t\t\t\t\t\t\t\t\t\t\t\t\t\t\t\t\t\t\t\t\t<\/div>\r\n\t\t\t\t<\/div>\r\n\t\t\t<\/div>\r\n\t\t<\/div>\r\n\t<\/div>\r\n\t<\/div>\r\n\t\t\t\t<\/div>\n\t\t\t\t<\/div>\n\t\t\t\t\t<\/div>\n\t\t<\/div>\n\t\t\t\t<div class=\"elementor-column elementor-col-50 elementor-top-column elementor-element elementor-element-7695a6e\" data-id=\"7695a6e\" data-element_type=\"column\" data-e-type=\"column\">\n\t\t\t<div class=\"elementor-widget-wrap elementor-element-populated\">\n\t\t\t\t\t\t<div class=\"elementor-element elementor-element-493f17d elementor-widget elementor-widget-heading\" data-id=\"493f17d\" data-element_type=\"widget\" data-e-type=\"widget\" data-widget_type=\"heading.default\">\n\t\t\t\t<div class=\"elementor-widget-container\">\n\t\t\t\t\t<h2 class=\"elementor-heading-title elementor-size-default\">What defines us<\/h2>\t\t\t\t<\/div>\n\t\t\t\t<\/div>\n\t\t\t\t<div class=\"elementor-element elementor-element-3690ee1 elementor-widget elementor-widget-text-editor\" data-id=\"3690ee1\" data-element_type=\"widget\" data-e-type=\"widget\" data-widget_type=\"text-editor.default\">\n\t\t\t\t<div class=\"elementor-widget-container\">\n\t\t\t\t\t\t\t\t\t<p>Our Mission<\/p>\t\t\t\t\t\t\t\t<\/div>\n\t\t\t\t<\/div>\n\t\t\t\t<div class=\"elementor-element elementor-element-a23b41b elementor-widget__width-initial elementor-widget elementor-widget-text-editor\" data-id=\"a23b41b\" data-element_type=\"widget\" data-e-type=\"widget\" data-widget_type=\"text-editor.default\">\n\t\t\t\t<div class=\"elementor-widget-container\">\n\t\t\t\t\t\t\t\t\t<p>Transform your emotions into the details of unforgettable, creating floral arrangements unique that inspire love, joy and elegance. We specialize in turning any occasion into a special keepsake.<\/p>\t\t\t\t\t\t\t\t<\/div>\n\t\t\t\t<\/div>\n\t\t\t\t\t<\/div>\n\t\t<\/div>\n\t\t\t\t\t<\/div>\n\t\t<\/section>\n\t\t\t\t<section class=\"elementor-section elementor-top-section elementor-element elementor-element-08f6679 elementor-section-boxed elementor-section-height-default elementor-section-height-default\" data-id=\"08f6679\" data-element_type=\"section\" data-e-type=\"section\" data-settings=\"{&quot;background_background&quot;:&quot;classic&quot;}\">\n\t\t\t\t\t\t<div class=\"elementor-container elementor-column-gap-default\">\n\t\t\t\t\t<div class=\"elementor-column elementor-col-100 elementor-top-column elementor-element elementor-element-1d298be\" data-id=\"1d298be\" data-element_type=\"column\" data-e-type=\"column\">\n\t\t\t<div class=\"elementor-widget-wrap elementor-element-populated\">\n\t\t\t\t\t\t<div class=\"elementor-element elementor-element-4b80fc9 elementor-widget elementor-widget-heading\" data-id=\"4b80fc9\" data-element_type=\"widget\" data-e-type=\"widget\" data-widget_type=\"heading.default\">\n\t\t\t\t<div class=\"elementor-widget-container\">\n\t\t\t\t\t<h2 class=\"elementor-heading-title elementor-size-default\">We create smiles, memories, and emotions.<\/h2>\t\t\t\t<\/div>\n\t\t\t\t<\/div>\n\t\t\t\t<div class=\"elementor-element elementor-element-74f36cb elementor-widget elementor-widget-text-editor\" data-id=\"74f36cb\" data-element_type=\"widget\" data-e-type=\"widget\" data-widget_type=\"text-editor.default\">\n\t\t\t\t<div class=\"elementor-widget-container\">\n\t\t\t\t\t\t\t\t\t<p>Why choose us<\/p>\t\t\t\t\t\t\t\t<\/div>\n\t\t\t\t<\/div>\n\t\t\t\t<div class=\"elementor-element elementor-element-035a480 elementor-widget__width-initial elementor-widget elementor-widget-text-editor\" data-id=\"035a480\" data-element_type=\"widget\" data-e-type=\"widget\" data-widget_type=\"text-editor.default\">\n\t\t\t\t<div class=\"elementor-widget-container\">\n\t\t\t\t\t\t\t\t\t<p><strong>Premium quality:<\/strong> Fresh flowers and carefully selected.<\/p><p><strong>Unique designs:<\/strong> Arrangements adapted to your needs and style.<\/p><p><strong>Attention:<\/strong> We focus on offering you the best service.<\/p>\t\t\t\t\t\t\t\t<\/div>\n\t\t\t\t<\/div>\n\t\t\t\t\t<\/div>\n\t\t<\/div>\n\t\t\t\t\t<\/div>\n\t\t<\/section>\n\t\t\t\t<section class=\"elementor-section elementor-top-section elementor-element elementor-element-936bd45 elementor-section-boxed elementor-section-height-default elementor-section-height-default\" data-id=\"936bd45\" data-element_type=\"section\" data-e-type=\"section\" data-settings=\"{&quot;background_background&quot;:&quot;classic&quot;}\">\n\t\t\t\t\t\t<div class=\"elementor-container elementor-column-gap-default\">\n\t\t\t\t\t<div class=\"elementor-column elementor-col-100 elementor-top-column elementor-element elementor-element-6419777\" data-id=\"6419777\" data-element_type=\"column\" data-e-type=\"column\">\n\t\t\t<div class=\"elementor-widget-wrap elementor-element-populated\">\n\t\t\t\t\t\t<div class=\"elementor-element elementor-element-430faaf elementor-widget elementor-widget-heading\" data-id=\"430faaf\" data-element_type=\"widget\" data-e-type=\"widget\" data-widget_type=\"heading.default\">\n\t\t\t\t<div class=\"elementor-widget-container\">\n\t\t\t\t\t<h2 class=\"elementor-heading-title elementor-size-default\">Us<\/h2>\t\t\t\t<\/div>\n\t\t\t\t<\/div>\n\t\t\t\t<div class=\"elementor-element elementor-element-a6014f6 elementor-widget elementor-widget-text-editor\" data-id=\"a6014f6\" data-element_type=\"widget\" data-e-type=\"widget\" data-widget_type=\"text-editor.default\">\n\t\t\t\t<div class=\"elementor-widget-container\">\n\t\t\t\t\t\t\t\t\t<p>Our team<\/p>\t\t\t\t\t\t\t\t<\/div>\n\t\t\t\t<\/div>\n\t\t\t\t\t<\/div>\n\t\t<\/div>\n\t\t\t\t\t<\/div>\n\t\t<\/section>\n\t\t\t\t<section class=\"elementor-section elementor-top-section elementor-element elementor-element-68800b6 elementor-section-boxed elementor-section-height-default elementor-section-height-default\" data-id=\"68800b6\" data-element_type=\"section\" data-e-type=\"section\">\n\t\t\t\t\t\t<div class=\"elementor-container elementor-column-gap-default\">\n\t\t\t\t\t<div class=\"elementor-column elementor-col-50 elementor-top-column elementor-element elementor-element-449be0b\" data-id=\"449be0b\" data-element_type=\"column\" data-e-type=\"column\">\n\t\t\t<div class=\"elementor-widget-wrap elementor-element-populated\">\n\t\t\t\t\t\t<div class=\"elementor-element elementor-element-a9e7313 elementor-widget elementor-widget-image\" data-id=\"a9e7313\" data-element_type=\"widget\" data-e-type=\"widget\" data-widget_type=\"image.default\">\n\t\t\t\t<div class=\"elementor-widget-container\">\n\t\t\t\t\t\t\t\t\t\t\t\t\t\t\t<img fetchpriority=\"high\" decoding=\"async\" width=\"391\" height=\"421\" src=\"https:\/\/floristerialamore.com\/wp-content\/uploads\/2019\/06\/ourteam-1.jpg\" class=\"attachment-large size-large wp-image-28685\" alt=\"\" \/>\t\t\t\t\t\t\t\t\t\t\t\t\t\t\t<\/div>\n\t\t\t\t<\/div>\n\t\t\t\t<div class=\"elementor-element elementor-element-0cf0645 elementor-widget elementor-widget-text-editor\" data-id=\"0cf0645\" data-element_type=\"widget\" data-e-type=\"widget\" data-widget_type=\"text-editor.default\">\n\t\t\t\t<div class=\"elementor-widget-container\">\n\t\t\t\t\t\t\t\t\t<p><strong>Isaura Garc\u00eda<\/strong><\/p>\t\t\t\t\t\t\t\t<\/div>\n\t\t\t\t<\/div>\n\t\t\t\t\t<\/div>\n\t\t<\/div>\n\t\t\t\t<div class=\"elementor-column elementor-col-50 elementor-top-column elementor-element elementor-element-14c7eb2\" data-id=\"14c7eb2\" data-element_type=\"column\" data-e-type=\"column\">\n\t\t\t<div class=\"elementor-widget-wrap elementor-element-populated\">\n\t\t\t\t\t\t<div class=\"elementor-element elementor-element-82dbd37 elementor-widget elementor-widget-image\" data-id=\"82dbd37\" data-element_type=\"widget\" data-e-type=\"widget\" data-widget_type=\"image.default\">\n\t\t\t\t<div class=\"elementor-widget-container\">\n\t\t\t\t\t\t\t\t\t\t\t\t\t\t\t<img decoding=\"async\" width=\"391\" height=\"421\" src=\"https:\/\/floristerialamore.com\/wp-content\/uploads\/2019\/06\/ourteam-3.jpg\" class=\"attachment-large size-large wp-image-28687\" alt=\"\" \/>\t\t\t\t\t\t\t\t\t\t\t\t\t\t\t<\/div>\n\t\t\t\t<\/div>\n\t\t\t\t<div class=\"elementor-element elementor-element-79f4fac elementor-widget elementor-widget-text-editor\" data-id=\"79f4fac\" data-element_type=\"widget\" data-e-type=\"widget\" data-widget_type=\"text-editor.default\">\n\t\t\t\t<div class=\"elementor-widget-container\">\n\t\t\t\t\t\t\t\t\t<p><span style=\"font-weight: 400;\">Ibon<\/span><\/p>\t\t\t\t\t\t\t\t<\/div>\n\t\t\t\t<\/div>\n\t\t\t\t\t<\/div>\n\t\t<\/div>\n\t\t\t\t\t<\/div>\n\t\t<\/section>\n\t\t\t\t<\/div>","protected":false},"excerpt":{"rendered":"<p>Nosotros Qui\u00e9nes Somos En Lamore Florister\u00eda, creemos que cada flor cuenta una historia y cada arreglo es una obra de arte. Desde nuestros inicios, nos hemos dedicado a llevar la frescura y la belleza de las flores a los momentos m\u00e1s importantes de tu vida. Lo que nos define Nuestra Misi\u00f3n Transformar tus emociones en [&hellip;]<\/p>\n","protected":false},"author":1,"featured_media":0,"parent":0,"menu_order":0,"comment_status":"closed","ping_status":"closed","template":"","meta":{"footnotes":""},"class_list":["post-9095","page","type-page","status-publish","hentry"],"yoast_head":"<!-- This site is optimized with the Yoast SEO plugin v26.9 - https:\/\/yoast.com\/product\/yoast-seo-wordpress\/ -->\n<title>Sobre Nosotros - Floristeria Lamore<\/title>\n<meta name=\"description\" content=\"Transformar tus emociones en detalles inolvidables, creando arreglos florales \u00fanicos que inspiran amor, alegr\u00eda y elegancia. Nos especializamos en convertir cualquier ocasi\u00f3n en un recuerdo especial.\" \/>\n<meta name=\"robots\" content=\"index, follow, max-snippet:-1, max-image-preview:large, max-video-preview:-1\" \/>\n<link rel=\"canonical\" href=\"https:\/\/floristerialamore.com\/en\/nosotros\/\" \/>\n<meta property=\"og:locale\" content=\"en_GB\" \/>\n<meta property=\"og:type\" content=\"article\" \/>\n<meta property=\"og:title\" content=\"Sobre Nosotros - Floristeria Lamore\" \/>\n<meta property=\"og:description\" content=\"Transformar tus emociones en detalles inolvidables, creando arreglos florales \u00fanicos que inspiran amor, alegr\u00eda y elegancia. Nos especializamos en convertir cualquier ocasi\u00f3n en un recuerdo especial.\" \/>\n<meta property=\"og:url\" content=\"https:\/\/floristerialamore.com\/en\/nosotros\/\" \/>\n<meta property=\"og:site_name\" content=\"Floristeria Lamore\" \/>\n<meta property=\"article:modified_time\" content=\"2025-11-26T16:06:36+00:00\" \/>\n<meta property=\"og:image\" content=\"https:\/\/floristerialamore.com\/wp-content\/uploads\/2024\/12\/2.webp\" \/>\n<meta name=\"twitter:card\" content=\"summary_large_image\" \/>\n<meta name=\"twitter:label1\" content=\"Estimated reading time\" \/>\n\t<meta name=\"twitter:data1\" content=\"2 minutes\" \/>\n<script type=\"application\/ld+json\" class=\"yoast-schema-graph\">{\"@context\":\"https:\/\/schema.org\",\"@graph\":[{\"@type\":\"WebPage\",\"@id\":\"https:\/\/floristerialamore.com\/nosotros\/\",\"url\":\"https:\/\/floristerialamore.com\/nosotros\/\",\"name\":\"Sobre Nosotros - Floristeria Lamore\",\"isPartOf\":{\"@id\":\"https:\/\/floristerialamore.com\/#website\"},\"primaryImageOfPage\":{\"@id\":\"https:\/\/floristerialamore.com\/nosotros\/#primaryimage\"},\"image\":{\"@id\":\"https:\/\/floristerialamore.com\/nosotros\/#primaryimage\"},\"thumbnailUrl\":\"https:\/\/floristerialamore.com\/wp-content\/uploads\/2024\/12\/2.webp\",\"datePublished\":\"2020-01-13T06:50:18+00:00\",\"dateModified\":\"2025-11-26T16:06:36+00:00\",\"description\":\"Transformar tus emociones en detalles inolvidables, creando arreglos florales \u00fanicos que inspiran amor, alegr\u00eda y elegancia. Nos especializamos en convertir cualquier ocasi\u00f3n en un recuerdo especial.\",\"breadcrumb\":{\"@id\":\"https:\/\/floristerialamore.com\/nosotros\/#breadcrumb\"},\"inLanguage\":\"en-GB\",\"potentialAction\":[{\"@type\":\"ReadAction\",\"target\":[\"https:\/\/floristerialamore.com\/nosotros\/\"]}]},{\"@type\":\"ImageObject\",\"inLanguage\":\"en-GB\",\"@id\":\"https:\/\/floristerialamore.com\/nosotros\/#primaryimage\",\"url\":\"https:\/\/floristerialamore.com\/wp-content\/uploads\/2024\/12\/2.webp\",\"contentUrl\":\"https:\/\/floristerialamore.com\/wp-content\/uploads\/2024\/12\/2.webp\"},{\"@type\":\"BreadcrumbList\",\"@id\":\"https:\/\/floristerialamore.com\/nosotros\/#breadcrumb\",\"itemListElement\":[{\"@type\":\"ListItem\",\"position\":1,\"name\":\"Portada\",\"item\":\"https:\/\/floristerialamore.com\/\"},{\"@type\":\"ListItem\",\"position\":2,\"name\":\"Nosotros\"}]},{\"@type\":\"WebSite\",\"@id\":\"https:\/\/floristerialamore.com\/#website\",\"url\":\"https:\/\/floristerialamore.com\/\",\"name\":\"Floristeria Lamore\",\"description\":\"\",\"publisher\":{\"@id\":\"https:\/\/floristerialamore.com\/#organization\"},\"potentialAction\":[{\"@type\":\"SearchAction\",\"target\":{\"@type\":\"EntryPoint\",\"urlTemplate\":\"https:\/\/floristerialamore.com\/?s={search_term_string}\"},\"query-input\":{\"@type\":\"PropertyValueSpecification\",\"valueRequired\":true,\"valueName\":\"search_term_string\"}}],\"inLanguage\":\"en-GB\"},{\"@type\":\"Organization\",\"@id\":\"https:\/\/floristerialamore.com\/#organization\",\"name\":\"Floristeria Lamore\",\"url\":\"https:\/\/floristerialamore.com\/\",\"logo\":{\"@type\":\"ImageObject\",\"inLanguage\":\"en-GB\",\"@id\":\"https:\/\/floristerialamore.com\/#\/schema\/logo\/image\/\",\"url\":\"https:\/\/floristerialamore.com\/wp-content\/uploads\/2024\/12\/Recurso-1.png\",\"contentUrl\":\"https:\/\/floristerialamore.com\/wp-content\/uploads\/2024\/12\/Recurso-1.png\",\"width\":569,\"height\":293,\"caption\":\"Floristeria Lamore\"},\"image\":{\"@id\":\"https:\/\/floristerialamore.com\/#\/schema\/logo\/image\/\"}}]}<\/script>\n<!-- \/ Yoast SEO plugin. -->","yoast_head_json":{"title":"Sobre Nosotros - Floristeria Lamore","description":"Transform your emotions into the details of unforgettable, creating floral arrangements unique that inspire love, joy and elegance. We specialize in turning any occasion into a special keepsake.","robots":{"index":"index","follow":"follow","max-snippet":"max-snippet:-1","max-image-preview":"max-image-preview:large","max-video-preview":"max-video-preview:-1"},"canonical":"https:\/\/floristerialamore.com\/en\/nosotros\/","og_locale":"en_GB","og_type":"article","og_title":"Sobre Nosotros - Floristeria Lamore","og_description":"Transformar tus emociones en detalles inolvidables, creando arreglos florales \u00fanicos que inspiran amor, alegr\u00eda y elegancia. Nos especializamos en convertir cualquier ocasi\u00f3n en un recuerdo especial.","og_url":"https:\/\/floristerialamore.com\/en\/nosotros\/","og_site_name":"Floristeria Lamore","article_modified_time":"2025-11-26T16:06:36+00:00","og_image":[{"url":"https:\/\/floristerialamore.com\/wp-content\/uploads\/2024\/12\/2.webp","type":"","width":"","height":""}],"twitter_card":"summary_large_image","twitter_misc":{"Estimated reading time":"2 minutes"},"schema":{"@context":"https:\/\/schema.org","@graph":[{"@type":"WebPage","@id":"https:\/\/floristerialamore.com\/nosotros\/","url":"https:\/\/floristerialamore.com\/nosotros\/","name":"Sobre Nosotros - Floristeria Lamore","isPartOf":{"@id":"https:\/\/floristerialamore.com\/#website"},"primaryImageOfPage":{"@id":"https:\/\/floristerialamore.com\/nosotros\/#primaryimage"},"image":{"@id":"https:\/\/floristerialamore.com\/nosotros\/#primaryimage"},"thumbnailUrl":"https:\/\/floristerialamore.com\/wp-content\/uploads\/2024\/12\/2.webp","datePublished":"2020-01-13T06:50:18+00:00","dateModified":"2025-11-26T16:06:36+00:00","description":"Transform your emotions into the details of unforgettable, creating floral arrangements unique that inspire love, joy and elegance. We specialize in turning any occasion into a special keepsake.","breadcrumb":{"@id":"https:\/\/floristerialamore.com\/nosotros\/#breadcrumb"},"inLanguage":"en-GB","potentialAction":[{"@type":"ReadAction","target":["https:\/\/floristerialamore.com\/nosotros\/"]}]},{"@type":"ImageObject","inLanguage":"en-GB","@id":"https:\/\/floristerialamore.com\/nosotros\/#primaryimage","url":"https:\/\/floristerialamore.com\/wp-content\/uploads\/2024\/12\/2.webp","contentUrl":"https:\/\/floristerialamore.com\/wp-content\/uploads\/2024\/12\/2.webp"},{"@type":"BreadcrumbList","@id":"https:\/\/floristerialamore.com\/nosotros\/#breadcrumb","itemListElement":[{"@type":"ListItem","position":1,"name":"Portada","item":"https:\/\/floristerialamore.com\/"},{"@type":"ListItem","position":2,"name":"Nosotros"}]},{"@type":"WebSite","@id":"https:\/\/floristerialamore.com\/#website","url":"https:\/\/floristerialamore.com\/","name":"Floristeria Lamore","description":"","publisher":{"@id":"https:\/\/floristerialamore.com\/#organization"},"potentialAction":[{"@type":"SearchAction","target":{"@type":"EntryPoint","urlTemplate":"https:\/\/floristerialamore.com\/?s={search_term_string}"},"query-input":{"@type":"PropertyValueSpecification","valueRequired":true,"valueName":"search_term_string"}}],"inLanguage":"en-GB"},{"@type":"Organization","@id":"https:\/\/floristerialamore.com\/#organization","name":"Floristeria Lamore","url":"https:\/\/floristerialamore.com\/","logo":{"@type":"ImageObject","inLanguage":"en-GB","@id":"https:\/\/floristerialamore.com\/#\/schema\/logo\/image\/","url":"https:\/\/floristerialamore.com\/wp-content\/uploads\/2024\/12\/Recurso-1.png","contentUrl":"https:\/\/floristerialamore.com\/wp-content\/uploads\/2024\/12\/Recurso-1.png","width":569,"height":293,"caption":"Floristeria Lamore"},"image":{"@id":"https:\/\/floristerialamore.com\/#\/schema\/logo\/image\/"}}]}},"_links":{"self":[{"href":"https:\/\/floristerialamore.com\/en\/wp-json\/wp\/v2\/pages\/9095","targetHints":{"allow":["GET"]}}],"collection":[{"href":"https:\/\/floristerialamore.com\/en\/wp-json\/wp\/v2\/pages"}],"about":[{"href":"https:\/\/floristerialamore.com\/en\/wp-json\/wp\/v2\/types\/page"}],"author":[{"embeddable":true,"href":"https:\/\/floristerialamore.com\/en\/wp-json\/wp\/v2\/users\/1"}],"replies":[{"embeddable":true,"href":"https:\/\/floristerialamore.com\/en\/wp-json\/wp\/v2\/comments?post=9095"}],"version-history":[{"count":47,"href":"https:\/\/floristerialamore.com\/en\/wp-json\/wp\/v2\/pages\/9095\/revisions"}],"predecessor-version":[{"id":29977,"href":"https:\/\/floristerialamore.com\/en\/wp-json\/wp\/v2\/pages\/9095\/revisions\/29977"}],"wp:attachment":[{"href":"https:\/\/floristerialamore.com\/en\/wp-json\/wp\/v2\/media?parent=9095"}],"curies":[{"name":"wp","href":"https:\/\/api.w.org\/{rel}","templated":true}]}}